{"id":6214,"date":"2025-10-13T17:22:22","date_gmt":"2025-10-13T15:22:22","guid":{"rendered":"https:\/\/www.allgaier-agrarhandel.de\/produkt\/all-win-horse-wafer-alfalfa-avena-18kg-getreidefrei-ohne-zuckerzusatz\/"},"modified":"2025-10-21T17:51:21","modified_gmt":"2025-10-21T15:51:21","slug":"all-win-horse-wafer-alfalfa-avena-18kg-getreidefrei-ohne-zuckerzusatz","status":"publish","type":"product","link":"https:\/\/www.allgaier-agrarhandel.de\/en\/produkt\/all-win-horse-wafer-alfalfa-avena-18kg-getreidefrei-ohne-zuckerzusatz\/","title":{"rendered":"ALL-WIN Horse Wafer Alfalfa &#038; Avena 18kg getreidefrei, ohne Zuckerzusatz"},"content":{"rendered":"<p>Hochverdauliche Fasern, Nat\u00fcrlicher Eiwei\u00dflieferant, Hoher Anteil an nat\u00fcrlichem Carotin, F\u00f6rdert die Kaut\u00e4tigkeit, F\u00fcr eine optimale Darmgesundheit<\/p>\n","protected":false},"excerpt":{"rendered":"<p>Hochverdauliche Fasern, Nat\u00fcrlicher Eiwei\u00dflieferant, Hoher Anteil an nat\u00fcrlichem Carotin, F\u00f6rdert die Kaut\u00e4tigkeit, F\u00fcr eine optimale Darmgesundheit<\/p>\n","protected":false},"featured_media":6186,"comment_status":"closed","ping_status":"closed","template":"","meta":{"_acf_changed":false},"product_brand":[],"product_cat":[79],"product_tag":[],"class_list":{"0":"post-6214","1":"product","2":"type-product","3":"status-publish","4":"has-post-thumbnail","6":"product_cat-unkategorisiert","8":"first","9":"instock","10":"product-type-simple"},"acf":[],"_links":{"self":[{"href":"https:\/\/www.allgaier-agrarhandel.de\/en\/wp-json\/wp\/v2\/product\/6214","targetHints":{"allow":["GET"]}}],"collection":[{"href":"https:\/\/www.allgaier-agrarhandel.de\/en\/wp-json\/wp\/v2\/product"}],"about":[{"href":"https:\/\/www.allgaier-agrarhandel.de\/en\/wp-json\/wp\/v2\/types\/product"}],"replies":[{"embeddable":true,"href":"https:\/\/www.allgaier-agrarhandel.de\/en\/wp-json\/wp\/v2\/comments?post=6214"}],"wp:featuredmedia":[{"embeddable":true,"href":"https:\/\/www.allgaier-agrarhandel.de\/en\/wp-json\/wp\/v2\/media\/6186"}],"wp:attachment":[{"href":"https:\/\/www.allgaier-agrarhandel.de\/en\/wp-json\/wp\/v2\/media?parent=6214"}],"wp:term":[{"taxonomy":"product_brand","embeddable":true,"href":"https:\/\/www.allgaier-agrarhandel.de\/en\/wp-json\/wp\/v2\/product_brand?post=6214"},{"taxonomy":"product_cat","embeddable":true,"href":"https:\/\/www.allgaier-agrarhandel.de\/en\/wp-json\/wp\/v2\/product_cat?post=6214"},{"taxonomy":"product_tag","embeddable":true,"href":"https:\/\/www.allgaier-agrarhandel.de\/en\/wp-json\/wp\/v2\/product_tag?post=6214"}],"curies":[{"name":"wp","href":"https:\/\/api.w.org\/{rel}","templated":true}]}}