{"id":6211,"date":"2025-10-13T17:22:22","date_gmt":"2025-10-13T15:22:22","guid":{"rendered":"https:\/\/www.allgaier-agrarhandel.de\/produkt\/all-win-horse-meal-deal-15kg-muesli-haferfrei\/"},"modified":"2025-10-21T17:51:21","modified_gmt":"2025-10-21T15:51:21","slug":"all-win-horse-meal-deal-15kg-muesli-haferfrei","status":"publish","type":"product","link":"https:\/\/www.allgaier-agrarhandel.de\/en\/produkt\/all-win-horse-meal-deal-15kg-muesli-haferfrei\/","title":{"rendered":"ALL-WIN Horse Meal Deal 15kg M\u00fcsli, haferfrei"},"content":{"rendered":"<p>Enth\u00e4lt Apfel f\u00fcr hohe Schmackhaftigkeit, Hohe Produktreinheit, Hoher Gehalt an wichtigem Vitamin E, Wirtschaftlich attraktiv<\/p>\n","protected":false},"excerpt":{"rendered":"<p>Enth\u00e4lt Apfel f\u00fcr hohe Schmackhaftigkeit, Hohe Produktreinheit, Hoher Gehalt an wichtigem Vitamin E, Wirtschaftlich attraktiv<\/p>\n","protected":false},"featured_media":6184,"comment_status":"closed","ping_status":"closed","template":"","meta":{"_acf_changed":false},"product_brand":[],"product_cat":[79],"product_tag":[],"class_list":{"0":"post-6211","1":"product","2":"type-product","3":"status-publish","4":"has-post-thumbnail","6":"product_cat-unkategorisiert","8":"first","9":"instock","10":"product-type-simple"},"acf":[],"_links":{"self":[{"href":"https:\/\/www.allgaier-agrarhandel.de\/en\/wp-json\/wp\/v2\/product\/6211","targetHints":{"allow":["GET"]}}],"collection":[{"href":"https:\/\/www.allgaier-agrarhandel.de\/en\/wp-json\/wp\/v2\/product"}],"about":[{"href":"https:\/\/www.allgaier-agrarhandel.de\/en\/wp-json\/wp\/v2\/types\/product"}],"replies":[{"embeddable":true,"href":"https:\/\/www.allgaier-agrarhandel.de\/en\/wp-json\/wp\/v2\/comments?post=6211"}],"wp:featuredmedia":[{"embeddable":true,"href":"https:\/\/www.allgaier-agrarhandel.de\/en\/wp-json\/wp\/v2\/media\/6184"}],"wp:attachment":[{"href":"https:\/\/www.allgaier-agrarhandel.de\/en\/wp-json\/wp\/v2\/media?parent=6211"}],"wp:term":[{"taxonomy":"product_brand","embeddable":true,"href":"https:\/\/www.allgaier-agrarhandel.de\/en\/wp-json\/wp\/v2\/product_brand?post=6211"},{"taxonomy":"product_cat","embeddable":true,"href":"https:\/\/www.allgaier-agrarhandel.de\/en\/wp-json\/wp\/v2\/product_cat?post=6211"},{"taxonomy":"product_tag","embeddable":true,"href":"https:\/\/www.allgaier-agrarhandel.de\/en\/wp-json\/wp\/v2\/product_tag?post=6211"}],"curies":[{"name":"wp","href":"https:\/\/api.w.org\/{rel}","templated":true}]}}