{"id":6207,"date":"2025-10-13T17:22:22","date_gmt":"2025-10-13T15:22:22","guid":{"rendered":"https:\/\/www.allgaier-agrarhandel.de\/produkt\/all-win-horse-granola-18-kg-muesli-haferfrei\/"},"modified":"2025-10-21T17:51:22","modified_gmt":"2025-10-21T15:51:22","slug":"all-win-horse-granola-18-kg-muesli-haferfrei","status":"publish","type":"product","link":"https:\/\/www.allgaier-agrarhandel.de\/en\/produkt\/all-win-horse-granola-18-kg-muesli-haferfrei\/","title":{"rendered":"ALL-WIN Horse Granola 18 kg M\u00fcsli, haferfrei"},"content":{"rendered":"<p>M\u00fcsli der neusten Generation, Besonders schmackhaft, Top Vitaminisierung und Mineralisierung, Dank Faserkonzept verdauungsf\u00f6rdernd, Hochverdauliche Eiwei\u00dfquelle f\u00fcr Muskelaufbau<\/p>\n","protected":false},"excerpt":{"rendered":"<p>M\u00fcsli der neusten Generation, Besonders schmackhaft, Top Vitaminisierung und Mineralisierung, Dank Faserkonzept verdauungsf\u00f6rdernd, Hochverdauliche Eiwei\u00dfquelle f\u00fcr Muskelaufbau<\/p>\n","protected":false},"featured_media":0,"comment_status":"closed","ping_status":"closed","template":"","meta":{"_acf_changed":false},"product_brand":[],"product_cat":[79],"product_tag":[],"class_list":{"0":"post-6207","1":"product","2":"type-product","3":"status-publish","5":"product_cat-unkategorisiert","7":"first","8":"instock","9":"product-type-simple"},"acf":[],"_links":{"self":[{"href":"https:\/\/www.allgaier-agrarhandel.de\/en\/wp-json\/wp\/v2\/product\/6207","targetHints":{"allow":["GET"]}}],"collection":[{"href":"https:\/\/www.allgaier-agrarhandel.de\/en\/wp-json\/wp\/v2\/product"}],"about":[{"href":"https:\/\/www.allgaier-agrarhandel.de\/en\/wp-json\/wp\/v2\/types\/product"}],"replies":[{"embeddable":true,"href":"https:\/\/www.allgaier-agrarhandel.de\/en\/wp-json\/wp\/v2\/comments?post=6207"}],"wp:attachment":[{"href":"https:\/\/www.allgaier-agrarhandel.de\/en\/wp-json\/wp\/v2\/media?parent=6207"}],"wp:term":[{"taxonomy":"product_brand","embeddable":true,"href":"https:\/\/www.allgaier-agrarhandel.de\/en\/wp-json\/wp\/v2\/product_brand?post=6207"},{"taxonomy":"product_cat","embeddable":true,"href":"https:\/\/www.allgaier-agrarhandel.de\/en\/wp-json\/wp\/v2\/product_cat?post=6207"},{"taxonomy":"product_tag","embeddable":true,"href":"https:\/\/www.allgaier-agrarhandel.de\/en\/wp-json\/wp\/v2\/product_tag?post=6207"}],"curies":[{"name":"wp","href":"https:\/\/api.w.org\/{rel}","templated":true}]}}