{"id":6206,"date":"2025-10-13T17:22:22","date_gmt":"2025-10-13T15:22:22","guid":{"rendered":"https:\/\/www.allgaier-agrarhandel.de\/produkt\/all-win-horse-golden-years-15kg-muesli-haferfrei-ohne-zuckerzusatz\/"},"modified":"2025-10-21T17:51:22","modified_gmt":"2025-10-21T15:51:22","slug":"all-win-horse-golden-years-15kg-muesli-haferfrei-ohne-zuckerzusatz","status":"publish","type":"product","link":"https:\/\/www.allgaier-agrarhandel.de\/en\/produkt\/all-win-horse-golden-years-15kg-muesli-haferfrei-ohne-zuckerzusatz\/","title":{"rendered":"ALL-WIN Horse Golden Years 15kg M\u00fcsli, haferfrei, ohne Zuckerzusatz"},"content":{"rendered":"<p>St\u00e4rkereduziert, Gr\u00fcnhafer und Timotheeheu verl\u00e4ngert die Kauzeit (Strukturbestandteil), Enth\u00e4lt nat\u00fcrliche Aminos\u00e4uren, ideal f\u00fcr \u00e4ltere Pferde, Wertvolle unges\u00e4ttigte Fett\u00e4uren aus Leinsaat und Pflanzen\u00f6l, Seealgenmineralien regulieren den pH-Wert im Magen<\/p>\n","protected":false},"excerpt":{"rendered":"<p>St\u00e4rkereduziert, Gr\u00fcnhafer und Timotheeheu verl\u00e4ngert die Kauzeit (Strukturbestandteil), Enth\u00e4lt nat\u00fcrliche Aminos\u00e4uren, ideal f\u00fcr \u00e4ltere Pferde, Wertvolle unges\u00e4ttigte Fett\u00e4uren aus Leinsaat und Pflanzen\u00f6l, Seealgenmineralien regulieren den pH-Wert im Magen<\/p>\n","protected":false},"featured_media":6190,"comment_status":"closed","ping_status":"closed","template":"","meta":{"_acf_changed":false},"product_brand":[],"product_cat":[79],"product_tag":[],"class_list":{"0":"post-6206","1":"product","2":"type-product","3":"status-publish","4":"has-post-thumbnail","6":"product_cat-unkategorisiert","8":"first","9":"instock","10":"product-type-simple"},"acf":[],"_links":{"self":[{"href":"https:\/\/www.allgaier-agrarhandel.de\/en\/wp-json\/wp\/v2\/product\/6206","targetHints":{"allow":["GET"]}}],"collection":[{"href":"https:\/\/www.allgaier-agrarhandel.de\/en\/wp-json\/wp\/v2\/product"}],"about":[{"href":"https:\/\/www.allgaier-agrarhandel.de\/en\/wp-json\/wp\/v2\/types\/product"}],"replies":[{"embeddable":true,"href":"https:\/\/www.allgaier-agrarhandel.de\/en\/wp-json\/wp\/v2\/comments?post=6206"}],"wp:featuredmedia":[{"embeddable":true,"href":"https:\/\/www.allgaier-agrarhandel.de\/en\/wp-json\/wp\/v2\/media\/6190"}],"wp:attachment":[{"href":"https:\/\/www.allgaier-agrarhandel.de\/en\/wp-json\/wp\/v2\/media?parent=6206"}],"wp:term":[{"taxonomy":"product_brand","embeddable":true,"href":"https:\/\/www.allgaier-agrarhandel.de\/en\/wp-json\/wp\/v2\/product_brand?post=6206"},{"taxonomy":"product_cat","embeddable":true,"href":"https:\/\/www.allgaier-agrarhandel.de\/en\/wp-json\/wp\/v2\/product_cat?post=6206"},{"taxonomy":"product_tag","embeddable":true,"href":"https:\/\/www.allgaier-agrarhandel.de\/en\/wp-json\/wp\/v2\/product_tag?post=6206"}],"curies":[{"name":"wp","href":"https:\/\/api.w.org\/{rel}","templated":true}]}}